{"id":1732,"date":"2016-06-24T19:52:48","date_gmt":"2016-06-24T18:52:48","guid":{"rendered":"https:\/\/www.sintermetalglass.com\/our-technology\/"},"modified":"2020-02-06T11:38:57","modified_gmt":"2020-02-06T10:38:57","slug":"la-nostra-tecnologia","status":"publish","type":"page","link":"https:\/\/www.sintermetalglass.com\/it\/la-nostra-tecnologia\/","title":{"rendered":"La Nostra Tecnologia"},"content":{"rendered":"<p>[vc_row full_width=&#8221;stretch_row_content_no_spaces&#8221; equal_height=&#8221;yes&#8221; content_placement=&#8221;middle&#8221;][vc_column width=&#8221;1\/2&#8243; css=&#8221;.vc_custom_1572952517431{padding-right: 7% !important;padding-left: 7% !important;}&#8221;][vc_empty_space]<div id=\"ultimate-heading-288269f1ebbecc238\" class=\"uvc-heading ult-adjust-bottom-margin ultimate-heading-288269f1ebbecc238 uvc-1055  uvc-heading-default-font-sizes\" data-hspacer=\"no_spacer\"  data-halign=\"left\" style=\"text-align:left\"><div class=\"uvc-heading-spacer no_spacer\" style=\"top\"><\/div><div class=\"uvc-main-heading ult-responsive\"  data-ultimate-target='.uvc-heading.ultimate-heading-288269f1ebbecc238 h4'  data-responsive-json-new='{\"font-size\":\"\",\"line-height\":\"\"}' ><h4 style=\"--font-weight:theme;\">La Nostra Tecnologia<\/h4><\/div><\/div>[vc_empty_space][vc_column_text]<\/p>\n<p style=\"text-align: justify;\">La crescente necessit\u00e0 di proteggere componenti critici di apparecchiature elettriche ed elettroniche dagli effetti di condizioni ambientali particolarmente severe ha alimentato l\u2019utilizzo e, di conseguenza, la domanda di involucri ermetici. I conduttori passanti e i blocchi ermetici a sigillatura vetro-metallo di SMG creano e mantengono condizioni tali da salvaguardare il componente o la macchina dall\u2019ambiente esterno, per garantire lunga durata e prestazioni di alto livello. La tecnologia di sigillatura vetro-metallo di SMG vanta una serie di caratteristiche interessanti, come la resistenza alle sollecitazioni elettriche, termiche, meccaniche e chimiche, difficilmente ottenibili con l\u2019ausilio di soluzioni concorrenti. I componenti a sigillatura vetro-metallo, realizzati con materiali ad espansione controllata e vetro sinterizzato, garantiscono l\u2019ermeticit\u00e0 fino a (1\u00d710-9) in un ampio intervallo di temperature, compreso tra -60\u00b0C e +300\u00b0C.<br \/>\nI componenti a sigillatura vetro-metallo possono essere fissati su contenitori tramite saldatura in lega di stagno, saldo-brasatura e persino saldatura ad arco. A richiesta del cliente, i blocchi possono essere forniti con placcatura allo stagno o al nichel oppure senza placcatura. Il pratico metodo di applicazione e i costi relativamente contenuti consentono un esteso utilizzo di questa tecnologia nelle applicazioni elettroniche ermetiche.<\/p>\n<p>[\/vc_column_text][vc_empty_space][\/vc_column][vc_column width=&#8221;1\/2&#8243;]<style type=\"text\/css\" data-type=\"the7_shortcodes-inline-css\">.shortcode-single-image-wrap.shortcode-single-image-99cc394f453d051ce004736ea1169b7f.enable-bg-rollover .rollover i,\n.shortcode-single-image-wrap.shortcode-single-image-99cc394f453d051ce004736ea1169b7f.enable-bg-rollover .rollover-video i {\n  background: ;\n  background: -webkit-linear-gradient();\n  background: linear-gradient();\n}\n.shortcode-single-image-wrap.shortcode-single-image-99cc394f453d051ce004736ea1169b7f .rollover-icon {\n  font-size: 32px;\n  color: #ffffff;\n  min-width: 44px;\n  min-height: 44px;\n  line-height: 44px;\n  border-radius: 100px;\n  border-style: solid;\n  border-width: 0px;\n}\n.dt-icon-bg-on.shortcode-single-image-wrap.shortcode-single-image-99cc394f453d051ce004736ea1169b7f .rollover-icon {\n  background: rgba(255,255,255,0.3);\n  -webkit-box-shadow: none;\n  box-shadow: none;\n}\n<\/style><div class=\"shortcode-single-image-wrap shortcode-single-image-99cc394f453d051ce004736ea1169b7f alignnone  enable-bg-rollover dt-icon-bg-off\" style=\"margin-top:0px; margin-bottom:0px; margin-left:0px; margin-right:0px;\"><div class=\"shortcode-single-image\"><div class=\"fancy-media-wrap  layzr-bg\" style=\"\"><img class=\"preload-me lazy-load\" src=\"data:image\/svg+xml,%3Csvg%20xmlns%3D&#39;http%3A%2F%2Fwww.w3.org%2F2000%2Fsvg&#39;%20viewBox%3D&#39;0%200%201920%201280&#39;%2F%3E\" data-src=\"https:\/\/www.sintermetalglass.com\/wp-content\/uploads\/Prod_Vetro.jpg\" data-srcset=\"https:\/\/www.sintermetalglass.com\/wp-content\/uploads\/Prod_Vetro.jpg 1920w\" width=\"1920\" height=\"1280\"  data-dt-location=\"https:\/\/www.sintermetalglass.com\/it\/our-technology\/prod_vetro\/\" style=\"\" alt=\"\" \/><\/div><\/div><\/div>[\/vc_column][\/vc_row][vc_row full_width=&#8221;stretch_row_content_no_spaces&#8221; equal_height=&#8221;yes&#8221; content_placement=&#8221;middle&#8221;][vc_column width=&#8221;1\/2&#8243;]<style type=\"text\/css\" data-type=\"the7_shortcodes-inline-css\">.shortcode-single-image-wrap.shortcode-single-image-eb6838d8c16fae319f6a101058ba71b2.enable-bg-rollover .rollover i,\n.shortcode-single-image-wrap.shortcode-single-image-eb6838d8c16fae319f6a101058ba71b2.enable-bg-rollover .rollover-video i {\n  background: ;\n  background: -webkit-linear-gradient();\n  background: linear-gradient();\n}\n.shortcode-single-image-wrap.shortcode-single-image-eb6838d8c16fae319f6a101058ba71b2 .rollover-icon {\n  font-size: 32px;\n  color: #ffffff;\n  min-width: 44px;\n  min-height: 44px;\n  line-height: 44px;\n  border-radius: 100px;\n  border-style: solid;\n  border-width: 0px;\n}\n.dt-icon-bg-on.shortcode-single-image-wrap.shortcode-single-image-eb6838d8c16fae319f6a101058ba71b2 .rollover-icon {\n  background: rgba(255,255,255,0.3);\n  -webkit-box-shadow: none;\n  box-shadow: none;\n}\n<\/style><div class=\"shortcode-single-image-wrap shortcode-single-image-eb6838d8c16fae319f6a101058ba71b2 alignnone  enable-bg-rollover dt-icon-bg-off\" style=\"margin-top:0px; margin-bottom:0px; margin-left:0px; margin-right:0px;\"><div class=\"shortcode-single-image\"><div class=\"fancy-media-wrap  layzr-bg\" style=\"\"><img class=\"preload-me lazy-load\" src=\"data:image\/svg+xml,%3Csvg%20xmlns%3D&#39;http%3A%2F%2Fwww.w3.org%2F2000%2Fsvg&#39;%20viewBox%3D&#39;0%200%201920%201580&#39;%2F%3E\" data-src=\"https:\/\/www.sintermetalglass.com\/wp-content\/uploads\/Automatica.jpg\" data-srcset=\"https:\/\/www.sintermetalglass.com\/wp-content\/uploads\/Automatica.jpg 1920w\" width=\"1920\" height=\"1580\"  data-dt-location=\"https:\/\/www.sintermetalglass.com\/it\/our-technology\/automatica\/\" style=\"\" alt=\"\" \/><\/div><\/div><\/div>[\/vc_column][vc_column width=&#8221;1\/2&#8243; css=&#8221;.vc_custom_1572952598401{padding-right: 7% !important;padding-left: 7% !important;}&#8221;][vc_empty_space]<div id=\"ultimate-heading-61269f1ebbecde34\" class=\"uvc-heading ult-adjust-bottom-margin ultimate-heading-61269f1ebbecde34 uvc-1001  uvc-heading-default-font-sizes\" data-hspacer=\"no_spacer\"  data-halign=\"left\" style=\"text-align:left\"><div class=\"uvc-heading-spacer no_spacer\" style=\"top\"><\/div><div class=\"uvc-main-heading ult-responsive\"  data-ultimate-target='.uvc-heading.ultimate-heading-61269f1ebbecde34 h4'  data-responsive-json-new='{\"font-size\":\"\",\"line-height\":\"\"}' ><h4 style=\"--font-weight:theme;\">Collettori con tecnologia a compressione o match \u2013 Tecnologia match<\/h4><\/div><\/div>[vc_empty_space][vc_column_text]<\/p>\n<p style=\"text-align: justify;\">Nei collettori a compressione, la parte metallica esterna presenta un coefficiente di espansione superiore a quello del vetro. Lo spesso anello metallico che circonda il vetro esercita una compressione che conferisce ai giunti un\u2019elevata resistenza alle sollecitazioni meccaniche e termiche, rendendoli perfettamente adatti anche per le applicazioni con pressioni elevate. Per la parte metallica esterna, si utilizzano generalmente l\u2019acciaio e le sue leghe (ad esempio, l\u2019acciaio inox). I conduttori sono invece solitamente realizzati in lega di ferro-nichel. Nei giunti a tecnologia match, vengono impiegate leghe metalliche con lo stesso coefficiente di espansione termica del vetro al quale sono collegate.<\/p>\n<p style=\"text-align: justify;\">Attraverso una scelta mirata delle leghe e del vetro, insieme a tecniche di fabbricazione adeguate, \u00e8 possibile ottenere giunti esenti da tensioni in un ampio intervallo di temperature. Vengono utilizzate leghe molto costose, come ferro-nichel o ferro-nichel-cobalto. Le principali differenze tra queste due tipologie sono riassunte qui di seguito.<br \/>\nSollecitazioni elettriche: nel processo di compressione, a causa dell\u2019impossibilit\u00e0 di fare traboccare il vetro e per non creare differenze di resistenza che potrebbero provocarne la rottura, queste due tipologie di componenti hanno un isolamento elettrico inferiore a parit\u00e0 di dimensioni. Nel processo con tecnologia match, il maggiore percorso superficiale tra gli elettrodi aumenta l\u2019isolamento elettrico. Da sottolineare i diversi costi delle due tipologie: i giunti a compressione hanno costi di produzione inferiori rispetto a quelli con tecnologia match. Hanno inoltre un migliore reattivit\u00e0 alle sollecitazioni meccaniche.<\/p>\n<p>[\/vc_column_text][vc_empty_space][\/vc_column][\/vc_row][vc_row full_width=&#8221;stretch_row_content_no_spaces&#8221; equal_height=&#8221;yes&#8221; content_placement=&#8221;middle&#8221;][vc_column width=&#8221;1\/2&#8243; css=&#8221;.vc_custom_1572952622750{padding-right: 7% !important;padding-left: 7% !important;}&#8221;][vc_empty_space]<div id=\"ultimate-heading-914869f1ebbecdec6\" class=\"uvc-heading ult-adjust-bottom-margin ultimate-heading-914869f1ebbecdec6 uvc-4823  uvc-heading-default-font-sizes\" data-hspacer=\"no_spacer\"  data-halign=\"left\" style=\"text-align:left\"><div class=\"uvc-heading-spacer no_spacer\" style=\"top\"><\/div><div class=\"uvc-main-heading ult-responsive\"  data-ultimate-target='.uvc-heading.ultimate-heading-914869f1ebbecdec6 h4'  data-responsive-json-new='{\"font-size\":\"\",\"line-height\":\"\"}' ><h4 style=\"--font-weight:theme;\">Istruzioni per l\u2019uso<\/h4><\/div><\/div>[vc_empty_space][vc_column_text]<\/p>\n<p style=\"text-align: justify;\">L\u2019assemblaggio dei giunti vetro-metallo avviene solitamente tramite saldatura. I metodi pi\u00f9 largamente impiegati sono la saldatura dolce, la saldo-brasatura, e la saldatura ad arco. Durante la fase di saldatura, i giunti con tecnologia match non devono essere sottoposti a temperature eccessivamente elevate. L\u2019esposizione prolungata alle alte temperature compromette infatti la resistenza meccanica dei componenti, a causa della differenza di conduttivit\u00e0 termica tra il vetro e il metallo. Questa condizione pu\u00f2 essere evitata grazie all\u2019impiego di una tecnica di saldatura ottimizzata, nonch\u00e9 di una forma e di un rapporto di massa adeguati per assicurare una diffusione pi\u00f9 rapida del calore.<br \/>\nNelle applicazioni a saldatura dolce, \u00e8 essenziale scegliere con cura i fondenti per non alterare la resistenza superficiale del vetro. Pi\u00f9 in particolare, occorre evitare quelli a base di sali di zinco, in quanto non solo provocano il fenomeno sopra indicato, ma sono anche corrosivi e molto difficili da rimuovere dalla superficie del vetro. L\u2019utilizzo di un semplice fondente a base di colofonia in alcol e il ricorso ad un metodo di saldatura con olio caldo, come descritto qui di seguito, rappresentano l\u2019unica soluzione per evitare il decadimento della resistivit\u00e0 superficiale del vetro.<\/p>\n<p>[\/vc_column_text][vc_empty_space][\/vc_column][vc_column width=&#8221;1\/2&#8243;]<style type=\"text\/css\" data-type=\"the7_shortcodes-inline-css\">.shortcode-single-image-wrap.shortcode-single-image-130509b67f17b93541d807566b73e505.enable-bg-rollover .rollover i,\n.shortcode-single-image-wrap.shortcode-single-image-130509b67f17b93541d807566b73e505.enable-bg-rollover .rollover-video i {\n  background: ;\n  background: -webkit-linear-gradient();\n  background: linear-gradient();\n}\n.shortcode-single-image-wrap.shortcode-single-image-130509b67f17b93541d807566b73e505 .rollover-icon {\n  font-size: 32px;\n  color: #ffffff;\n  min-width: 44px;\n  min-height: 44px;\n  line-height: 44px;\n  border-radius: 100px;\n  border-style: solid;\n  border-width: 0px;\n}\n.dt-icon-bg-on.shortcode-single-image-wrap.shortcode-single-image-130509b67f17b93541d807566b73e505 .rollover-icon {\n  background: rgba(255,255,255,0.3);\n  -webkit-box-shadow: none;\n  box-shadow: none;\n}\n<\/style><div class=\"shortcode-single-image-wrap shortcode-single-image-130509b67f17b93541d807566b73e505 alignnone  enable-bg-rollover dt-icon-bg-off\" style=\"margin-top:0px; margin-bottom:0px; margin-left:0px; margin-right:0px;\"><div class=\"shortcode-single-image\"><div class=\"fancy-media-wrap  layzr-bg\" style=\"\"><img class=\"preload-me lazy-load\" src=\"data:image\/svg+xml,%3Csvg%20xmlns%3D&#39;http%3A%2F%2Fwww.w3.org%2F2000%2Fsvg&#39;%20viewBox%3D&#39;0%200%201920%201219&#39;%2F%3E\" data-src=\"https:\/\/www.sintermetalglass.com\/wp-content\/uploads\/galvanica.jpg\" data-srcset=\"https:\/\/www.sintermetalglass.com\/wp-content\/uploads\/galvanica.jpg 1920w\" width=\"1920\" height=\"1219\"  data-dt-location=\"https:\/\/www.sintermetalglass.com\/it\/our-technology\/galvanica\/\" style=\"\" alt=\"\" \/><\/div><\/div><\/div>[\/vc_column][\/vc_row][vc_row full_width=&#8221;stretch_row_content_no_spaces&#8221; equal_height=&#8221;yes&#8221; content_placement=&#8221;middle&#8221;][vc_column width=&#8221;1\/2&#8243;]<style type=\"text\/css\" data-type=\"the7_shortcodes-inline-css\">.shortcode-single-image-wrap.shortcode-single-image-1386a0d416b3f55f54ff276997e1d149.enable-bg-rollover .rollover i,\n.shortcode-single-image-wrap.shortcode-single-image-1386a0d416b3f55f54ff276997e1d149.enable-bg-rollover .rollover-video i {\n  background: ;\n  background: -webkit-linear-gradient();\n  background: linear-gradient();\n}\n.shortcode-single-image-wrap.shortcode-single-image-1386a0d416b3f55f54ff276997e1d149 .rollover-icon {\n  font-size: 32px;\n  color: #ffffff;\n  min-width: 44px;\n  min-height: 44px;\n  line-height: 44px;\n  border-radius: 100px;\n  border-style: solid;\n  border-width: 0px;\n}\n.dt-icon-bg-on.shortcode-single-image-wrap.shortcode-single-image-1386a0d416b3f55f54ff276997e1d149 .rollover-icon {\n  background: rgba(255,255,255,0.3);\n  -webkit-box-shadow: none;\n  box-shadow: none;\n}\n<\/style><div class=\"shortcode-single-image-wrap shortcode-single-image-1386a0d416b3f55f54ff276997e1d149 alignnone  enable-bg-rollover dt-icon-bg-off\" style=\"margin-top:0px; margin-bottom:0px; margin-left:0px; margin-right:0px;\"><div class=\"shortcode-single-image\"><div class=\"fancy-media-wrap  layzr-bg\" style=\"\"><img class=\"preload-me lazy-load\" src=\"data:image\/svg+xml,%3Csvg%20xmlns%3D&#39;http%3A%2F%2Fwww.w3.org%2F2000%2Fsvg&#39;%20viewBox%3D&#39;0%200%201920%20965&#39;%2F%3E\" data-src=\"https:\/\/www.sintermetalglass.com\/wp-content\/uploads\/Forno.jpg\" data-srcset=\"https:\/\/www.sintermetalglass.com\/wp-content\/uploads\/Forno.jpg 1920w\" width=\"1920\" height=\"965\"  data-dt-location=\"https:\/\/www.sintermetalglass.com\/it\/our-technology\/forno-2\/\" style=\"\" alt=\"\" \/><\/div><\/div><\/div>[\/vc_column][vc_column width=&#8221;1\/2&#8243; css=&#8221;.vc_custom_1572952659291{padding-right: 7% !important;padding-left: 7% !important;}&#8221;][vc_empty_space]<div id=\"ultimate-heading-480469f1ebbecf57f\" class=\"uvc-heading ult-adjust-bottom-margin ultimate-heading-480469f1ebbecf57f uvc-8635  uvc-heading-default-font-sizes\" data-hspacer=\"no_spacer\"  data-halign=\"left\" style=\"text-align:left\"><div class=\"uvc-heading-spacer no_spacer\" style=\"top\"><\/div><div class=\"uvc-main-heading ult-responsive\"  data-ultimate-target='.uvc-heading.ultimate-heading-480469f1ebbecf57f h4'  data-responsive-json-new='{\"font-size\":\"\",\"line-height\":\"\"}' ><h4 style=\"--font-weight:theme;\">Caratteristiche tecniche<\/h4><\/div><\/div>[vc_empty_space][vc_column_text]<\/p>\n<p style=\"text-align: justify;\">La saldatura in olio caldo deve essere realizzata immergendo la superficie in olio (generalmente, vegetale) a 250\u00b0C e poi in un altro olio (es. paraffina) a 50\u00b0C. La superficie da saldare deve essere stagnata e ricevere una certa quantit\u00e0 di metallo d\u2019apporto stagno-piombo. Il vantaggio di questo metodo \u00e8 dato dalla sua aderenza. Inoltre, il ciclo dura pochi secondi ed \u00e8 possibile utilizzare la lega di saldatura senza fondente, il che consente di saldare pi\u00f9 di un collettore passante alla volta.<br \/>\nQuesto tipo di saldatura \u00e8 largamente impiegato per i giunti vetro-metallo.<br \/>\nEsistono altri metodi che fanno appello a tecnologie pi\u00f9 sofisticate, come la brasatura, la saldatura in gas inerte e a resistenza. Il personale tecnico di SMG \u00e8 a disposizione del clienti per l\u2019applicazione di metodi di saldatura speciali.<\/p>\n<p>[\/vc_column_text][vc_empty_space][\/vc_column][\/vc_row][vc_row full_width=&#8221;stretch_row_content_no_spaces&#8221; equal_height=&#8221;yes&#8221; content_placement=&#8221;middle&#8221;][vc_column width=&#8221;1\/2&#8243; css=&#8221;.vc_custom_1572952686733{padding-right: 7% !important;padding-left: 7% !important;}&#8221;][vc_empty_space]<div id=\"ultimate-heading-275569f1ebbecf5fb\" class=\"uvc-heading ult-adjust-bottom-margin ultimate-heading-275569f1ebbecf5fb uvc-294  uvc-heading-default-font-sizes\" data-hspacer=\"no_spacer\"  data-halign=\"left\" style=\"text-align:left\"><div class=\"uvc-heading-spacer no_spacer\" style=\"top\"><\/div><div class=\"uvc-main-heading ult-responsive\"  data-ultimate-target='.uvc-heading.ultimate-heading-275569f1ebbecf5fb h4'  data-responsive-json-new='{\"font-size\":\"\",\"line-height\":\"\"}' ><h4 style=\"--font-weight:theme;\">Resistenza di isolamento<\/h4><\/div><\/div>[vc_empty_space][vc_column_text]<\/p>\n<p style=\"text-align: justify;\">A temperatura ambiente, la resistenza specifica del vetro \u00e8 cos\u00ec elevata che la resistenza di isolamento \u00e8 praticamente solo funzione della resistenza superficiale, la quale dipende a sua volta dall\u2019umidit\u00e0 relativa dell\u2019ambiente e dal grado di pulizia della superficie del vetro. La resistenza specifica del vetro diventa invece pi\u00f9 importante in presenza di alte temperature. Anche in condizioni di umidit\u00e0 relativa elevata, \u00e8 possibile ottenere un\u2019alta resistenza di isolamento trattando la superficie del collettore passante con silicone.<\/p>\n<p><strong>Tenuta<\/strong><br \/>\nAd una pressione di circa 1 atm, pressoch\u00e9 tutti i collettori passanti possono essere considerati permanentemente ermetici. In presenza di pressioni superiori (anche oltre 100 atm), sar\u00e0 per\u00f2 necessario prendere in considerazione collettori passanti appositamente sviluppati.<\/p>\n<p><strong>Sollecitazioni termiche<\/strong><br \/>\nI collettori passanti possono essere utilizzati in un intervallo di temperatura compreso tra -65\u00b0 e +250\u00b0C. Diversamente dal vetro normale, il vetro sinterizzato pu\u00f2 essere sottoposto a sbalzi improvvisi di temperatura senza subire danni.<\/p>\n<p><strong>Sollecitazioni meccaniche<\/strong><br \/>\nLa resistenza alle sollecitazioni meccaniche di trazione, torsione, flessione e impatto \u00e8 eccellente. In alcuni casi, \u00e8 possibile richiedere un maggiore resistenza alla flessione e alla torsione (transistor).<\/p>\n<p><strong>Resistenza alla corrosione<\/strong><br \/>\nLa resistenza alla corrosione dipende unicamente dalle caratteristiche del componente in metallo del collettore. Si applicano quindi gli stessi test e parametri previsti per la valutazione della sensibilit\u00e0 alla corrosione dei metalli, come il test in nebbia salina.[\/vc_column_text][vc_empty_space][\/vc_column][vc_column width=&#8221;1\/2&#8243;]<style type=\"text\/css\" data-type=\"the7_shortcodes-inline-css\">.shortcode-single-image-wrap.shortcode-single-image-1a7a9140a8ea1f3ddbf160dd863eaaf8.enable-bg-rollover .rollover i,\n.shortcode-single-image-wrap.shortcode-single-image-1a7a9140a8ea1f3ddbf160dd863eaaf8.enable-bg-rollover .rollover-video i {\n  background: ;\n  background: -webkit-linear-gradient();\n  background: linear-gradient();\n}\n.shortcode-single-image-wrap.shortcode-single-image-1a7a9140a8ea1f3ddbf160dd863eaaf8 .rollover-icon {\n  font-size: 32px;\n  color: #ffffff;\n  min-width: 44px;\n  min-height: 44px;\n  line-height: 44px;\n  border-radius: 100px;\n  border-style: solid;\n  border-width: 0px;\n}\n.dt-icon-bg-on.shortcode-single-image-wrap.shortcode-single-image-1a7a9140a8ea1f3ddbf160dd863eaaf8 .rollover-icon {\n  background: rgba(255,255,255,0.3);\n  -webkit-box-shadow: none;\n  box-shadow: none;\n}\n<\/style><div class=\"shortcode-single-image-wrap shortcode-single-image-1a7a9140a8ea1f3ddbf160dd863eaaf8 alignnone  enable-bg-rollover dt-icon-bg-off\" style=\"margin-top:0px; margin-bottom:0px; margin-left:0px; margin-right:0px;\"><div class=\"shortcode-single-image\"><div class=\"fancy-media-wrap  layzr-bg\" style=\"\"><img class=\"preload-me lazy-load\" src=\"data:image\/svg+xml,%3Csvg%20xmlns%3D&#39;http%3A%2F%2Fwww.w3.org%2F2000%2Fsvg&#39;%20viewBox%3D&#39;0%200%201920%201580&#39;%2F%3E\" data-src=\"https:\/\/www.sintermetalglass.com\/wp-content\/uploads\/Pentronix.jpg\" data-srcset=\"https:\/\/www.sintermetalglass.com\/wp-content\/uploads\/Pentronix.jpg 1920w\" width=\"1920\" height=\"1580\"  data-dt-location=\"https:\/\/www.sintermetalglass.com\/it\/our-technology\/pentronix-2\/\" style=\"\" alt=\"\" \/><\/div><\/div><\/div>[\/vc_column][\/vc_row]<\/p>\n","protected":false},"excerpt":{"rendered":"<p>[vc_row full_width=&#8221;stretch_row_content_no_spaces&#8221; equal_height=&#8221;yes&#8221; content_placement=&#8221;middle&#8221;][vc_column width=&#8221;1\/2&#8243; css=&#8221;.vc_custom_1572952517431{padding-right: 7% !important;padding-left: 7% !important;}&#8221;][vc_empty_space][vc_empty_space][vc_column_text] La crescente necessit\u00e0 di proteggere componenti critici di apparecchiature elettriche ed elettroniche dagli effetti di condizioni ambientali particolarmente severe ha alimentato l\u2019utilizzo e, di conseguenza, la domanda di involucri ermetici. I conduttori passanti e i blocchi ermetici a sigillatura vetro-metallo di SMG creano e mantengono&hellip;<\/p>\n","protected":false},"author":1,"featured_media":0,"parent":0,"menu_order":0,"comment_status":"closed","ping_status":"closed","template":"","meta":[],"yoast_head":"<!-- This site is optimized with the Yoast SEO plugin v15.4 - https:\/\/yoast.com\/wordpress\/plugins\/seo\/ -->\n<title>La Nostra Tecnologia - Sintermetalglass<\/title>\n<meta name=\"robots\" content=\"index, follow, max-snippet:-1, max-image-preview:large, max-video-preview:-1\" \/>\n<link rel=\"canonical\" href=\"https:\/\/www.sintermetalglass.com\/it\/la-nostra-tecnologia\/\" \/>\n<meta property=\"og:locale\" content=\"it_IT\" \/>\n<meta property=\"og:type\" content=\"article\" \/>\n<meta property=\"og:title\" content=\"La Nostra Tecnologia - Sintermetalglass\" \/>\n<meta property=\"og:description\" content=\"[vc_row full_width=&#8221;stretch_row_content_no_spaces&#8221; equal_height=&#8221;yes&#8221; content_placement=&#8221;middle&#8221;][vc_column width=&#8221;1\/2&#8243; css=&#8221;.vc_custom_1572952517431{padding-right: 7% !important;padding-left: 7% !important;}&#8221;][vc_empty_space][vc_empty_space][vc_column_text] La crescente necessit\u00e0 di proteggere componenti critici di apparecchiature elettriche ed elettroniche dagli effetti di condizioni ambientali particolarmente severe ha alimentato l\u2019utilizzo e, di conseguenza, la domanda di involucri ermetici. I conduttori passanti e i blocchi ermetici a sigillatura vetro-metallo di SMG creano e mantengono&hellip;\" \/>\n<meta property=\"og:url\" content=\"https:\/\/www.sintermetalglass.com\/it\/la-nostra-tecnologia\/\" \/>\n<meta property=\"og:site_name\" content=\"Sintermetalglass\" \/>\n<meta property=\"article:modified_time\" content=\"2020-02-06T10:38:57+00:00\" \/>\n<meta name=\"twitter:card\" content=\"summary_large_image\" \/>\n<meta name=\"twitter:label1\" content=\"Scritto da\">\n\t<meta name=\"twitter:data1\" content=\"admin\">\n\t<meta name=\"twitter:label2\" content=\"Tempo di lettura stimato\">\n\t<meta name=\"twitter:data2\" content=\"5 minuti\">\n<script type=\"application\/ld+json\" class=\"yoast-schema-graph\">{\"@context\":\"https:\/\/schema.org\",\"@graph\":[{\"@type\":\"WebSite\",\"@id\":\"https:\/\/www.sintermetalglass.com\/#website\",\"url\":\"https:\/\/www.sintermetalglass.com\/\",\"name\":\"Sintermetalglass\",\"description\":\"Compression Seal Technology\",\"potentialAction\":[{\"@type\":\"SearchAction\",\"target\":\"https:\/\/www.sintermetalglass.com\/?s={search_term_string}\",\"query-input\":\"required name=search_term_string\"}],\"inLanguage\":\"it-IT\"},{\"@type\":\"WebPage\",\"@id\":\"https:\/\/www.sintermetalglass.com\/it\/la-nostra-tecnologia\/#webpage\",\"url\":\"https:\/\/www.sintermetalglass.com\/it\/la-nostra-tecnologia\/\",\"name\":\"La Nostra Tecnologia - Sintermetalglass\",\"isPartOf\":{\"@id\":\"https:\/\/www.sintermetalglass.com\/#website\"},\"datePublished\":\"2016-06-24T18:52:48+00:00\",\"dateModified\":\"2020-02-06T10:38:57+00:00\",\"inLanguage\":\"it-IT\",\"potentialAction\":[{\"@type\":\"ReadAction\",\"target\":[\"https:\/\/www.sintermetalglass.com\/it\/la-nostra-tecnologia\/\"]}]}]}<\/script>\n<!-- \/ Yoast SEO plugin. -->","_links":{"self":[{"href":"https:\/\/www.sintermetalglass.com\/it\/wp-json\/wp\/v2\/pages\/1732"}],"collection":[{"href":"https:\/\/www.sintermetalglass.com\/it\/wp-json\/wp\/v2\/pages"}],"about":[{"href":"https:\/\/www.sintermetalglass.com\/it\/wp-json\/wp\/v2\/types\/page"}],"author":[{"embeddable":true,"href":"https:\/\/www.sintermetalglass.com\/it\/wp-json\/wp\/v2\/users\/1"}],"replies":[{"embeddable":true,"href":"https:\/\/www.sintermetalglass.com\/it\/wp-json\/wp\/v2\/comments?post=1732"}],"version-history":[{"count":3,"href":"https:\/\/www.sintermetalglass.com\/it\/wp-json\/wp\/v2\/pages\/1732\/revisions"}],"predecessor-version":[{"id":1741,"href":"https:\/\/www.sintermetalglass.com\/it\/wp-json\/wp\/v2\/pages\/1732\/revisions\/1741"}],"wp:attachment":[{"href":"https:\/\/www.sintermetalglass.com\/it\/wp-json\/wp\/v2\/media?parent=1732"}],"curies":[{"name":"wp","href":"https:\/\/api.w.org\/{rel}","templated":true}]}}