{"id":1725,"date":"2016-06-23T11:12:53","date_gmt":"2016-06-23T10:12:53","guid":{"rendered":"https:\/\/www.sintermetalglass.com\/our-history\/"},"modified":"2020-02-06T11:33:34","modified_gmt":"2020-02-06T10:33:34","slug":"la-nostra-storia","status":"publish","type":"page","link":"https:\/\/www.sintermetalglass.com\/it\/la-nostra-storia\/","title":{"rendered":"La Nostra Storia"},"content":{"rendered":"<p>[vc_section full_width=&#8221;stretch_row&#8221; parallax=&#8221;content-moving&#8221;][vc_row css=&#8221;.vc_custom_1504019967206{padding-top: 70px !important;padding-bottom: 50px !important;}&#8221;][vc_column]<div class=\"smile-icon-timeline-wrap csstime   tl-animation-shadow\"     style=\"\"><div class=\"timeline-line \" style=\"border-right-color:#1d497a;\"><span><\/span><\/div><div class=\"timeline-wrapper\"><div class=\"timeline-block \"><div class=\"timeline-dot\"><\/div><div class=\"ult-timeline-arrow\"><s><\/s><l><\/l><\/div><div class=\"timeline-icon-block\"><div class=\"ult-timeline-icon tl-icon-no-bg\" style=\"   \"><\/div> <!-- icon --><\/div><div class=\"timeline-header-block\" >\n\t\t\t\t\t\t\t<div id=\"timeline-item-2967\" class=\"timeline-header\" style=\"\"><h3 class=\"ult-timeline-title ult-responsive\"  data-ultimate-target='#timeline-item-2967 .ult-timeline-title'  data-responsive-json-new='{\"font-size\":\"\",\"line-height\":\"\"}'  style=\"\">1964<\/h3><div class=\"ult-responsive timeline-item-spt\"  data-ultimate-target='#timeline-item-2967 .timeline-item-spt'  data-responsive-json-new='{\"font-size\":\"\",\"line-height\":\"\"}'  style=\"\">SMG (Sintermetalglass) viene fondata a Milano da Natale Bertelli con la denominazione \u201cMetalglass\u201d.<br \/>\nAll\u2019epoca, la rapida crescita del settore dei semiconduttori rappresenta la forza trainante per la creazione e lo sviluppo di SMG. Nuove tecniche vengono messe a punto in quegli anni per i processi di sigillatura metallo-vetro. La fusione di particolari metallici con elementi in vetro permette di realizzare componenti altamente affidabili dal punto di vista elettrico ed ermeticamente isolati.<\/div><\/div> <!-- header --><\/div><\/div><div class=\"timeline-block \"><div class=\"timeline-dot\"><\/div><div class=\"ult-timeline-arrow\"><s><\/s><l><\/l><\/div><div class=\"timeline-icon-block\"><div class=\"ult-timeline-icon tl-icon-no-bg\" style=\"   \"><\/div> <!-- icon --><\/div><div class=\"timeline-header-block\" >\n\t\t\t\t\t\t\t<div id=\"timeline-item-5511\" class=\"timeline-header\" style=\"\"><h3 class=\"ult-timeline-title ult-responsive\"  data-ultimate-target='#timeline-item-5511 .ult-timeline-title'  data-responsive-json-new='{\"font-size\":\"\",\"line-height\":\"\"}'  style=\"\">1966<\/h3><div class=\"ult-responsive timeline-item-spt\"  data-ultimate-target='#timeline-item-5511 .timeline-item-spt'  data-responsive-json-new='{\"font-size\":\"\",\"line-height\":\"\"}'  style=\"\">Per effetto della sua rapida espansione e della conseguenze necessit\u00e0 di maggiori spazi, la societ\u00e0 viene suddivisa in due unit\u00e0 produttive distinte: \u201cMetal glass\u201d a Milano e \u201cSinter\u201d a Siziano (PV). Entrambe sono gestite dalla famiglia Bertelli e lavoravano congiuntamente allo sviluppo di nuovi mercati, clienti e processi tecnologici. Questo ha portato alla nascita di numerose nuove linee di prodotti.<\/div><\/div> <!-- header --><\/div><\/div><div class=\"timeline-block \"><div class=\"timeline-dot\"><\/div><div class=\"ult-timeline-arrow\"><s><\/s><l><\/l><\/div><div class=\"timeline-icon-block\"><div class=\"ult-timeline-icon tl-icon-no-bg\" style=\"   \"><\/div> <!-- icon --><\/div><div class=\"timeline-header-block\" >\n\t\t\t\t\t\t\t<div id=\"timeline-item-4817\" class=\"timeline-header\" style=\"\"><h3 class=\"ult-timeline-title ult-responsive\"  data-ultimate-target='#timeline-item-4817 .ult-timeline-title'  data-responsive-json-new='{\"font-size\":\"\",\"line-height\":\"\"}'  style=\"\">1978<\/h3><div class=\"ult-responsive timeline-item-spt\"  data-ultimate-target='#timeline-item-4817 .timeline-item-spt'  data-responsive-json-new='{\"font-size\":\"\",\"line-height\":\"\"}'  style=\"\">Le due societ\u00e0 vengono riunite in un\u2019unica organizzazione globale, denominata \u201cSintermetalglass\u201d, con sede a Opera, alla periferia di Milano. SMG (Sintermetalglass) \u00e8 allora gestita da un nuovo amministratore, Aldo Bertelli, figlio del fondatore, il quale sviluppa nuovi mercati con il supporto e l\u2019impulso del fratello Guido.<\/div><\/div> <!-- header --><\/div><\/div><div class=\"timeline-block \"><div class=\"timeline-dot\"><\/div><div class=\"ult-timeline-arrow\"><s><\/s><l><\/l><\/div><div class=\"timeline-icon-block\"><div class=\"ult-timeline-icon tl-icon-no-bg\" style=\"   \"><\/div> <!-- icon --><\/div><div class=\"timeline-header-block\" >\n\t\t\t\t\t\t\t<div id=\"timeline-item-1602\" class=\"timeline-header\" style=\"\"><h3 class=\"ult-timeline-title ult-responsive\"  data-ultimate-target='#timeline-item-1602 .ult-timeline-title'  data-responsive-json-new='{\"font-size\":\"\",\"line-height\":\"\"}'  style=\"\">Nel 1983<\/h3><div class=\"ult-responsive timeline-item-spt\"  data-ultimate-target='#timeline-item-1602 .timeline-item-spt'  data-responsive-json-new='{\"font-size\":\"\",\"line-height\":\"\"}'  style=\"\">Guido Bertelli succede al fratello in qualit\u00e0 di Direttore Generale. Sotto la sua direzione, la societ\u00e0 fa tesoro delle precedenti realizzazioni per espandersi ulteriormente.<\/div><\/div> <!-- header --><\/div><\/div><div class=\"timeline-block \"><div class=\"timeline-dot\"><\/div><div class=\"ult-timeline-arrow\"><s><\/s><l><\/l><\/div><div class=\"timeline-icon-block\"><div class=\"ult-timeline-icon tl-icon-no-bg\" style=\"   \"><\/div> <!-- icon --><\/div><div class=\"timeline-header-block\" >\n\t\t\t\t\t\t\t<div id=\"timeline-item-5435\" class=\"timeline-header\" style=\"\"><h3 class=\"ult-timeline-title ult-responsive\"  data-ultimate-target='#timeline-item-5435 .ult-timeline-title'  data-responsive-json-new='{\"font-size\":\"\",\"line-height\":\"\"}'  style=\"\">A partire dal 1993<\/h3><div class=\"ult-responsive timeline-item-spt\"  data-ultimate-target='#timeline-item-5435 .timeline-item-spt'  data-responsive-json-new='{\"font-size\":\"\",\"line-height\":\"\"}'  style=\"\">Dopo un\u2019altra fase di crescita, la societ\u00e0 avvia un vasto programma di modernizzazione. L\u2019intento \u00e8 quello di migliorare il flusso di prodotti all\u2019interno degli impianti. Vengono acquisite attrezzature automatizzate per ridurre la manodopera lungo le linee di produzione. Questa evoluzione \u00e8 necessaria per soddisfare i requisiti di qualit\u00e0 e di prezzo dettati da un mercato sempre pi\u00f9 competitivo. Da questo momento in poi, l\u2019azienda investe nella realizzazione di un sistema qualit\u00e0 efficiente e produttivo per rispondere alle future esigenze del mercato.<\/div><\/div> <!-- header --><\/div><\/div><div class=\"timeline-block \"><div class=\"timeline-dot\"><\/div><div class=\"ult-timeline-arrow\"><s><\/s><l><\/l><\/div><div class=\"timeline-icon-block\"><div class=\"ult-timeline-icon tl-icon-no-bg\" style=\"   \"><\/div> <!-- icon --><\/div><div class=\"timeline-header-block\" >\n\t\t\t\t\t\t\t<div id=\"timeline-item-3204\" class=\"timeline-header\" style=\"\"><h3 class=\"ult-timeline-title ult-responsive\"  data-ultimate-target='#timeline-item-3204 .ult-timeline-title'  data-responsive-json-new='{\"font-size\":\"\",\"line-height\":\"\"}'  style=\"\">2000<\/h3><div class=\"ult-responsive timeline-item-spt\"  data-ultimate-target='#timeline-item-3204 .timeline-item-spt'  data-responsive-json-new='{\"font-size\":\"\",\"line-height\":\"\"}'  style=\"\">La certificazione UNI EN ISO 9002:1994, ottenuta nel 1996, \u00e8 stata successivamente aggiornata in base alle nuove edizioni della norma del 2000 e 2008. Il Direttore Generale Guido Bertelli, con la collaborazione del figlio Fabio, delle nipoti Simona e Valeria e dell\u2019intero personale altamente qualificato di SMG, ha continuato a perpetuare una tradizione nata oltre 45 anni fa nel settore della sigillatura vetro-metallo.<\/div><\/div> <!-- header --><\/div><\/div><\/div><\/div>[\/vc_column][\/vc_row][\/vc_section][vc_row bg_type=&#8221;image&#8221; parallax_style=&#8221;vcpb-vz-jquery&#8221; bg_image_new=&#8221;id^975|url^https:\/\/www.sintermetalglass.com\/wp-content\/uploads\/2017\/08\/Sfondo.jpg|caption^null|alt^null|title^Sfondo|description^null&#8221; bg_image_repeat=&#8221;no-repeat&#8221; bg_override=&#8221;ex-full&#8221; enable_overlay=&#8221;enable_overlay_value&#8221; overlay_color=&#8221;rgba(0,0,0,0.6)&#8221; type=&#8221;vc_default&#8221; css=&#8221;.vc_custom_1504018432924{padding-top: 20px !important;padding-bottom: 100px !important;}&#8221;][vc_column][\/vc_column][\/vc_row][vc_row css=&#8221;.vc_custom_1504017025243{padding-top: 30px !important;padding-bottom: 50px !important;}&#8221;][vc_column width=&#8221;5\/6&#8243;]<div id=\"ultimate-heading-857069f1fe385a2dd\" class=\"uvc-heading ult-adjust-bottom-margin ultimate-heading-857069f1fe385a2dd uvc-6514 \" data-hspacer=\"no_spacer\"  data-halign=\"left\" style=\"text-align:left\"><div class=\"uvc-heading-spacer no_spacer\" style=\"top\"><\/div><div class=\"uvc-main-heading ult-responsive\"  data-ultimate-target='.uvc-heading.ultimate-heading-857069f1fe385a2dd h2'  data-responsive-json-new='{\"font-size\":\"desktop:30px;\",\"line-height\":\"\"}' ><h2 style=\"--font-weight:theme;\">Desiderate maggiori informazioni? Siamo a vostra disposizione!<\/h2><\/div><\/div>[\/vc_column][vc_column width=&#8221;1\/6&#8243;]<style type=\"text\/css\" data-type=\"the7_shortcodes-inline-css\">#default-btn-38091d18bd378508db72a31e17b4dccf.ico-right-side > i {\n  margin-right: 0px;\n  margin-left: 8px;\n}\n#default-btn-38091d18bd378508db72a31e17b4dccf > i {\n  margin-right: 8px;\n}\n#default-btn-38091d18bd378508db72a31e17b4dccf * {\n  vertical-align: middle;\n}\n<\/style><a href=\"\/it\/contatti\/\" class=\"default-btn-shortcode dt-btn dt-btn-l link-hover-off btn-inline-right \" id=\"default-btn-38091d18bd378508db72a31e17b4dccf\"><span>Contattateci<\/span><\/a>[\/vc_column][\/vc_row]<\/p>\n","protected":false},"excerpt":{"rendered":"<p>[vc_section full_width=&#8221;stretch_row&#8221; parallax=&#8221;content-moving&#8221;][vc_row css=&#8221;.vc_custom_1504019967206{padding-top: 70px !important;padding-bottom: 50px !important;}&#8221;][vc_column][\/vc_column][\/vc_row][\/vc_section][vc_row bg_type=&#8221;image&#8221; parallax_style=&#8221;vcpb-vz-jquery&#8221; bg_image_new=&#8221;id^975|url^https:\/\/www.sintermetalglass.com\/wp-content\/uploads\/2017\/08\/Sfondo.jpg|caption^null|alt^null|title^Sfondo|description^null&#8221; bg_image_repeat=&#8221;no-repeat&#8221; bg_override=&#8221;ex-full&#8221; enable_overlay=&#8221;enable_overlay_value&#8221; overlay_color=&#8221;rgba(0,0,0,0.6)&#8221; type=&#8221;vc_default&#8221; css=&#8221;.vc_custom_1504018432924{padding-top: 20px !important;padding-bottom: 100px !important;}&#8221;][vc_column][\/vc_column][\/vc_row][vc_row css=&#8221;.vc_custom_1504017025243{padding-top: 30px !important;padding-bottom: 50px !important;}&#8221;][vc_column width=&#8221;5\/6&#8243;][\/vc_column][vc_column width=&#8221;1\/6&#8243;][\/vc_column][\/vc_row]<\/p>\n","protected":false},"author":1,"featured_media":0,"parent":0,"menu_order":1,"comment_status":"closed","ping_status":"closed","template":"","meta":[],"yoast_head":"<!-- This site is optimized with the Yoast SEO plugin v15.4 - https:\/\/yoast.com\/wordpress\/plugins\/seo\/ -->\n<title>La Nostra Storia - Sintermetalglass<\/title>\n<meta name=\"robots\" content=\"index, follow, max-snippet:-1, max-image-preview:large, max-video-preview:-1\" \/>\n<link rel=\"canonical\" href=\"https:\/\/www.sintermetalglass.com\/it\/la-nostra-storia\/\" \/>\n<meta property=\"og:locale\" content=\"it_IT\" \/>\n<meta property=\"og:type\" content=\"article\" \/>\n<meta property=\"og:title\" content=\"La Nostra Storia - Sintermetalglass\" \/>\n<meta property=\"og:description\" content=\"[vc_section full_width=&#8221;stretch_row&#8221; parallax=&#8221;content-moving&#8221;][vc_row css=&#8221;.vc_custom_1504019967206{padding-top: 70px !important;padding-bottom: 50px !important;}&#8221;][vc_column][\/vc_column][\/vc_row][\/vc_section][vc_row bg_type=&#8221;image&#8221; parallax_style=&#8221;vcpb-vz-jquery&#8221; bg_image_new=&#8221;id^975|url^https:\/\/www.sintermetalglass.com\/wp-content\/uploads\/2017\/08\/Sfondo.jpg|caption^null|alt^null|title^Sfondo|description^null&#8221; bg_image_repeat=&#8221;no-repeat&#8221; bg_override=&#8221;ex-full&#8221; enable_overlay=&#8221;enable_overlay_value&#8221; overlay_color=&#8221;rgba(0,0,0,0.6)&#8221; type=&#8221;vc_default&#8221; css=&#8221;.vc_custom_1504018432924{padding-top: 20px !important;padding-bottom: 100px !important;}&#8221;][vc_column][\/vc_column][\/vc_row][vc_row css=&#8221;.vc_custom_1504017025243{padding-top: 30px !important;padding-bottom: 50px !important;}&#8221;][vc_column width=&#8221;5\/6&#8243;][\/vc_column][vc_column width=&#8221;1\/6&#8243;][\/vc_column][\/vc_row]\" \/>\n<meta property=\"og:url\" content=\"https:\/\/www.sintermetalglass.com\/it\/la-nostra-storia\/\" \/>\n<meta property=\"og:site_name\" content=\"Sintermetalglass\" \/>\n<meta property=\"article:modified_time\" content=\"2020-02-06T10:33:34+00:00\" \/>\n<meta name=\"twitter:card\" content=\"summary_large_image\" \/>\n<meta name=\"twitter:label1\" content=\"Scritto da\">\n\t<meta name=\"twitter:data1\" content=\"admin\">\n\t<meta name=\"twitter:label2\" content=\"Tempo di lettura stimato\">\n\t<meta name=\"twitter:data2\" content=\"2 minuti\">\n<script type=\"application\/ld+json\" class=\"yoast-schema-graph\">{\"@context\":\"https:\/\/schema.org\",\"@graph\":[{\"@type\":\"WebSite\",\"@id\":\"https:\/\/www.sintermetalglass.com\/#website\",\"url\":\"https:\/\/www.sintermetalglass.com\/\",\"name\":\"Sintermetalglass\",\"description\":\"Compression Seal Technology\",\"potentialAction\":[{\"@type\":\"SearchAction\",\"target\":\"https:\/\/www.sintermetalglass.com\/?s={search_term_string}\",\"query-input\":\"required name=search_term_string\"}],\"inLanguage\":\"it-IT\"},{\"@type\":\"WebPage\",\"@id\":\"https:\/\/www.sintermetalglass.com\/it\/la-nostra-storia\/#webpage\",\"url\":\"https:\/\/www.sintermetalglass.com\/it\/la-nostra-storia\/\",\"name\":\"La Nostra Storia - Sintermetalglass\",\"isPartOf\":{\"@id\":\"https:\/\/www.sintermetalglass.com\/#website\"},\"datePublished\":\"2016-06-23T10:12:53+00:00\",\"dateModified\":\"2020-02-06T10:33:34+00:00\",\"inLanguage\":\"it-IT\",\"potentialAction\":[{\"@type\":\"ReadAction\",\"target\":[\"https:\/\/www.sintermetalglass.com\/it\/la-nostra-storia\/\"]}]}]}<\/script>\n<!-- \/ Yoast SEO plugin. -->","_links":{"self":[{"href":"https:\/\/www.sintermetalglass.com\/it\/wp-json\/wp\/v2\/pages\/1725"}],"collection":[{"href":"https:\/\/www.sintermetalglass.com\/it\/wp-json\/wp\/v2\/pages"}],"about":[{"href":"https:\/\/www.sintermetalglass.com\/it\/wp-json\/wp\/v2\/types\/page"}],"author":[{"embeddable":true,"href":"https:\/\/www.sintermetalglass.com\/it\/wp-json\/wp\/v2\/users\/1"}],"replies":[{"embeddable":true,"href":"https:\/\/www.sintermetalglass.com\/it\/wp-json\/wp\/v2\/comments?post=1725"}],"version-history":[{"count":4,"href":"https:\/\/www.sintermetalglass.com\/it\/wp-json\/wp\/v2\/pages\/1725\/revisions"}],"predecessor-version":[{"id":1730,"href":"https:\/\/www.sintermetalglass.com\/it\/wp-json\/wp\/v2\/pages\/1725\/revisions\/1730"}],"wp:attachment":[{"href":"https:\/\/www.sintermetalglass.com\/it\/wp-json\/wp\/v2\/media?parent=1725"}],"curies":[{"name":"wp","href":"https:\/\/api.w.org\/{rel}","templated":true}]}}